{"id":1626,"date":"2025-06-30T06:16:30","date_gmt":"2025-06-30T09:16:30","guid":{"rendered":"https:\/\/ies6043-sal.infd.edu.ar\/sitio\/?page_id=1626"},"modified":"2026-03-20T19:31:35","modified_gmt":"2026-03-20T22:31:35","slug":"comunidad-wsp","status":"publish","type":"page","link":"https:\/\/ies6043-sal.infd.edu.ar\/sitio\/comunidad-wsp\/","title":{"rendered":"Comunidad de WhatsApp"},"content":{"rendered":"\n<pre class=\"wp-block-preformatted\"><strong><em><kbd>&#x1f4f2;Comunidad de WhatsApp, con diferentes grupos para cada una de las carreras, donde podr\u00e1s consultar todo lo vinculado a la cursada del presente a\u00f1o&#x2712;&#xfe0f;<\/kbd><\/em><\/strong><\/pre>\n\n\n\n<div class=\"wp-block-buttons alignwide is-content-justification-center is-layout-flex wp-container-1\">\n<div class=\"wp-block-button\"><a class=\"wp-block-button__link has-contrast-color has-electric-grass-gradient-background has-text-color has-background has-text-align-center wp-element-button\" href=\"https:\/\/chat.whatsapp.com\/DFdoAFo7DWVEV7o2wJklsy\" target=\"_blank\" rel=\"noreferrer noopener\"><strong>Enlace de acceso<\/strong><\/a><\/div>\n<\/div>\n\n\n\n<p class=\"has-text-align-center\"><em>&#x1f446;Cl\u00edck en el bot\u00f3n de arriba&#x1f446;<\/em><\/p>\n","protected":false},"excerpt":{"rendered":"<p>&#x1f4f2;Comunidad de WhatsApp, con diferentes grupos para cada una de las carreras, donde podr\u00e1s consultar todo lo vinculado a la cursada del presente a\u00f1o&#x2712;&#xfe0f; &#x1f446;Cl\u00edck en el bot\u00f3n de arriba&#x1f446;<\/p>\n","protected":false},"author":2779,"featured_media":0,"parent":0,"menu_order":0,"comment_status":"closed","ping_status":"closed","template":"","meta":[],"acf":[],"_links":{"self":[{"href":"https:\/\/ies6043-sal.infd.edu.ar\/sitio\/wp-json\/wp\/v2\/pages\/1626"}],"collection":[{"href":"https:\/\/ies6043-sal.infd.edu.ar\/sitio\/wp-json\/wp\/v2\/pages"}],"about":[{"href":"https:\/\/ies6043-sal.infd.edu.ar\/sitio\/wp-json\/wp\/v2\/types\/page"}],"author":[{"embeddable":true,"href":"https:\/\/ies6043-sal.infd.edu.ar\/sitio\/wp-json\/wp\/v2\/users\/2779"}],"replies":[{"embeddable":true,"href":"https:\/\/ies6043-sal.infd.edu.ar\/sitio\/wp-json\/wp\/v2\/comments?post=1626"}],"version-history":[{"count":2,"href":"https:\/\/ies6043-sal.infd.edu.ar\/sitio\/wp-json\/wp\/v2\/pages\/1626\/revisions"}],"predecessor-version":[{"id":1819,"href":"https:\/\/ies6043-sal.infd.edu.ar\/sitio\/wp-json\/wp\/v2\/pages\/1626\/revisions\/1819"}],"wp:attachment":[{"href":"https:\/\/ies6043-sal.infd.edu.ar\/sitio\/wp-json\/wp\/v2\/media?parent=1626"}],"curies":[{"name":"wp","href":"https:\/\/api.w.org\/{rel}","templated":true}]}}