{"id":1682,"date":"2025-07-01T18:16:43","date_gmt":"2025-07-01T21:16:43","guid":{"rendered":"https:\/\/ies6043-sal.infd.edu.ar\/sitio\/?page_id=1682"},"modified":"2026-02-13T10:27:37","modified_gmt":"2026-02-13T13:27:37","slug":"formularios","status":"publish","type":"page","link":"https:\/\/ies6043-sal.infd.edu.ar\/sitio\/formularios\/","title":{"rendered":"Formularios"},"content":{"rendered":"\n<p class=\"has-text-align-center has-accent-color has-text-color\"><strong>Importante<\/strong><\/p>\n\n\n\n<p class=\"has-text-align-center\">Se recuerda a los estudiantes del Instituto que <strong>la presentaci\u00f3n del certificado m\u00e9dico es obligatoria todos los a\u00f1os<\/strong>, junto a la renovaci\u00f3n de reinscripci\u00f3n para poder ser considerado alumno regular de la carrera.<\/p>\n\n\n\n<p class=\"has-text-align-center\">Solo los <strong>alumnos del 1\u00b0 y 2\u00b0 a\u00f1o de los Profesorados<\/strong> no deben presentar el estudio psicol\u00f3gico, <strong>ya que su obligatoriedad de presentaci\u00f3n es a partir del 3\u00b0 a\u00f1o<\/strong>.<\/p>\n\n\n\n<p class=\"has-text-align-center\">En el caso de las <strong>Tecnicaturas, solo los alumnos de 1\u00b0 a\u00f1o no deben presentar el estudio psicol\u00f3gico, mientras que los alumnos de 2\u00b0 y 3\u00b0 a\u00f1o si deben hacerlo de forma obligatoria<\/strong>, dado que ingresan a realizar sus pr\u00e1cticas profesionalizantes en organizaciones del medio y lo solicitan.<\/p>\n\n\n\n<div class=\"wp-block-buttons is-content-justification-center is-layout-flex wp-container-1\">\n<div class=\"wp-block-button\"><a class=\"wp-block-button__link has-contrast-color has-accent-background-color has-text-color has-background has-text-align-center wp-element-button\" href=\"https:\/\/drive.google.com\/drive\/folders\/1892dWpPql-YZiK1Vgtfei9R7rm0SMrSp?usp=sharing\" target=\"_blank\" rel=\"noreferrer noopener\"><strong>Formulario M\u00e9dico &#8211; Control Anual<\/strong><\/a><\/div>\n<\/div>\n\n\n\n<hr class=\"wp-block-separator has-alpha-channel-opacity\"\/>\n\n\n\n<p class=\"has-text-align-center\"><em>Aquellos alummos que precisen el alta de usuarios y contrase\u00f1as para nuestro campus deben completar el formulario de abajo<\/em><\/p>\n\n\n\n<div class=\"wp-block-buttons is-content-justification-center is-layout-flex wp-container-2\">\n<div class=\"wp-block-button is-style-outline\"><a class=\"wp-block-button__link has-light-green-cyan-to-vivid-green-cyan-gradient-background has-background wp-element-button\" href=\"https:\/\/docs.google.com\/forms\/d\/e\/1FAIpQLSenvkCizwbahpxmKa1Gk9lphId9xXNSYvMmX5ARIt822wRlIA\/viewform\" target=\"_blank\" rel=\"noreferrer noopener\"><strong>Formulario Alta de Usuarios &#8211; Plataforma Institucional<\/strong><\/a><\/div>\n<\/div>\n\n\n\n<hr class=\"wp-block-separator has-alpha-channel-opacity\"\/>\n\n\n<div class=\"wp-block-image\">\n<figure class=\"aligncenter size-full\"><img decoding=\"async\" loading=\"lazy\" width=\"480\" height=\"332\" src=\"https:\/\/ies6043-sal.infd.edu.ar\/sitio\/wp-content\/uploads\/2025\/07\/giphy.gif\" alt=\"\" class=\"wp-image-1683\"\/><\/figure><\/div>\n\n\n<p><\/p>\n","protected":false},"excerpt":{"rendered":"<p>Importante Se recuerda a los estudiantes del Instituto que la presentaci\u00f3n del certificado m\u00e9dico es obligatoria todos los a\u00f1os, junto a la renovaci\u00f3n de reinscripci\u00f3n para poder ser considerado alumno regular de la carrera. Solo los alumnos del 1\u00b0 y 2\u00b0 a\u00f1o de los Profesorados no deben presentar el estudio psicol\u00f3gico, ya que su obligatoriedad &#8230; <a title=\"Formularios\" class=\"read-more\" href=\"https:\/\/ies6043-sal.infd.edu.ar\/sitio\/formularios\/\" aria-label=\"More on Formularios\">[+]<\/a><\/p>\n","protected":false},"author":2779,"featured_media":0,"parent":0,"menu_order":0,"comment_status":"closed","ping_status":"closed","template":"","meta":[],"acf":[],"_links":{"self":[{"href":"https:\/\/ies6043-sal.infd.edu.ar\/sitio\/wp-json\/wp\/v2\/pages\/1682"}],"collection":[{"href":"https:\/\/ies6043-sal.infd.edu.ar\/sitio\/wp-json\/wp\/v2\/pages"}],"about":[{"href":"https:\/\/ies6043-sal.infd.edu.ar\/sitio\/wp-json\/wp\/v2\/types\/page"}],"author":[{"embeddable":true,"href":"https:\/\/ies6043-sal.infd.edu.ar\/sitio\/wp-json\/wp\/v2\/users\/2779"}],"replies":[{"embeddable":true,"href":"https:\/\/ies6043-sal.infd.edu.ar\/sitio\/wp-json\/wp\/v2\/comments?post=1682"}],"version-history":[{"count":5,"href":"https:\/\/ies6043-sal.infd.edu.ar\/sitio\/wp-json\/wp\/v2\/pages\/1682\/revisions"}],"predecessor-version":[{"id":1796,"href":"https:\/\/ies6043-sal.infd.edu.ar\/sitio\/wp-json\/wp\/v2\/pages\/1682\/revisions\/1796"}],"wp:attachment":[{"href":"https:\/\/ies6043-sal.infd.edu.ar\/sitio\/wp-json\/wp\/v2\/media?parent=1682"}],"curies":[{"name":"wp","href":"https:\/\/api.w.org\/{rel}","templated":true}]}}