{"id":1702,"date":"2025-07-28T03:51:51","date_gmt":"2025-07-28T06:51:51","guid":{"rendered":"https:\/\/ies6043-sal.infd.edu.ar\/sitio\/?page_id=1702"},"modified":"2026-03-20T15:43:02","modified_gmt":"2026-03-20T18:43:02","slug":"mesas-examinadoras","status":"publish","type":"page","link":"https:\/\/ies6043-sal.infd.edu.ar\/sitio\/mesas-examinadoras\/","title":{"rendered":"Mesas Examinadoras 2026-2027"},"content":{"rendered":"\n<div class=\"wp-block-columns is-layout-flex wp-container-4\">\n<div class=\"wp-block-column is-layout-flow\">\n<figure class=\"wp-block-image size-full\"><a href=\"https:\/\/drive.google.com\/drive\/folders\/1tbQqpLraeMlEJA-hKiiMTo2JbKzopO2K?usp=sharing\" target=\"_blank\" rel=\"noreferrer noopener\"><img decoding=\"async\" loading=\"lazy\" width=\"1000\" height=\"563\" src=\"https:\/\/ies6043-sal.infd.edu.ar\/sitio\/wp-content\/uploads\/2025\/07\/1500x844_TIC_educacion_posgrado.jpg\" alt=\"\" class=\"wp-image-1704\" srcset=\"https:\/\/ies6043-sal.infd.edu.ar\/sitio\/wp-content\/uploads\/2025\/07\/1500x844_TIC_educacion_posgrado.jpg 1000w, https:\/\/ies6043-sal.infd.edu.ar\/sitio\/wp-content\/uploads\/2025\/07\/1500x844_TIC_educacion_posgrado-768x432.jpg 768w\" sizes=\"(max-width: 1000px) 100vw, 1000px\" \/><\/a><\/figure>\n<\/div>\n\n\n\n<div class=\"wp-block-column is-vertically-aligned-center is-layout-flow\">\n<p class=\"has-text-align-center\">Para acceder al listado de las fechas de las mesas examinadoras de todas las carreras, hacer click en la imagen o en el bot\u00f3n de abajo.<\/p>\n\n\n\n<div class=\"wp-block-buttons is-content-justification-center is-layout-flex wp-container-2\">\n<div class=\"wp-block-button is-style-outline\"><a class=\"wp-block-button__link has-contrast-color has-accent-background-color has-text-color has-background has-text-align-center wp-element-button\" href=\"https:\/\/drive.google.com\/drive\/folders\/1GCw4TgxPMXNoot1fFKRYywV2pTcEDsmL?usp=drive_link\" target=\"_blank\" rel=\"noreferrer noopener\"><strong>Mesas Examinadoras 2026<\/strong>&#8211;<strong>2027<\/strong><\/a><\/div>\n<\/div>\n<\/div>\n<\/div>\n\n\n\n<div class=\"wp-block-buttons is-layout-flex\"><\/div>\n\n\n\n<hr class=\"wp-block-separator has-alpha-channel-opacity\"\/>\n\n\n<div class=\"wp-block-image\">\n<figure class=\"aligncenter size-full\"><img decoding=\"async\" loading=\"lazy\" width=\"480\" height=\"332\" src=\"https:\/\/ies6043-sal.infd.edu.ar\/sitio\/wp-content\/uploads\/2025\/07\/giphy.gif\" alt=\"\" class=\"wp-image-1683\"\/><\/figure><\/div>\n\n\n<p class=\"has-text-align-center\"><strong>Pr\u00f3ximamente, formularios de inscripci\u00f3n por cada una de las carreras.<\/strong><\/p>\n","protected":false},"excerpt":{"rendered":"<p>Para acceder al listado de las fechas de las mesas examinadoras de todas las carreras, hacer click en la imagen o en el bot\u00f3n de abajo. Pr\u00f3ximamente, formularios de inscripci\u00f3n por cada una de las carreras.<\/p>\n","protected":false},"author":2779,"featured_media":0,"parent":0,"menu_order":0,"comment_status":"closed","ping_status":"closed","template":"","meta":[],"acf":[],"_links":{"self":[{"href":"https:\/\/ies6043-sal.infd.edu.ar\/sitio\/wp-json\/wp\/v2\/pages\/1702"}],"collection":[{"href":"https:\/\/ies6043-sal.infd.edu.ar\/sitio\/wp-json\/wp\/v2\/pages"}],"about":[{"href":"https:\/\/ies6043-sal.infd.edu.ar\/sitio\/wp-json\/wp\/v2\/types\/page"}],"author":[{"embeddable":true,"href":"https:\/\/ies6043-sal.infd.edu.ar\/sitio\/wp-json\/wp\/v2\/users\/2779"}],"replies":[{"embeddable":true,"href":"https:\/\/ies6043-sal.infd.edu.ar\/sitio\/wp-json\/wp\/v2\/comments?post=1702"}],"version-history":[{"count":7,"href":"https:\/\/ies6043-sal.infd.edu.ar\/sitio\/wp-json\/wp\/v2\/pages\/1702\/revisions"}],"predecessor-version":[{"id":1814,"href":"https:\/\/ies6043-sal.infd.edu.ar\/sitio\/wp-json\/wp\/v2\/pages\/1702\/revisions\/1814"}],"wp:attachment":[{"href":"https:\/\/ies6043-sal.infd.edu.ar\/sitio\/wp-json\/wp\/v2\/media?parent=1702"}],"curies":[{"name":"wp","href":"https:\/\/api.w.org\/{rel}","templated":true}]}}