{"id":1722,"date":"2025-07-30T22:17:56","date_gmt":"2025-07-31T01:17:56","guid":{"rendered":"https:\/\/ies6043-sal.infd.edu.ar\/sitio\/?page_id=1722"},"modified":"2025-07-30T22:26:21","modified_gmt":"2025-07-31T01:26:21","slug":"docentes","status":"publish","type":"page","link":"https:\/\/ies6043-sal.infd.edu.ar\/sitio\/docentes\/","title":{"rendered":"Docentes"},"content":{"rendered":"\n<p class=\"has-text-align-center has-accent-color has-text-color has-medium-font-size\">En este espacio especialmente dise\u00f1ado para ustedes encontrar\u00e1n todos los recursos necesarios para acompa\u00f1ar su pr\u00e1ctica profesional. Aqu\u00ed podr\u00e1n acceder a materiales pedag\u00f3gicos actualizados, propuestas de formaci\u00f3n continua, herramientas digitales y normativas vigentes, pensadas para fortalecer el desarrollo de sus clases y contribuir a su crecimiento en el aula y en la instituci\u00f3n.<\/p>\n\n\n\n<p class=\"has-text-align-center has-accent-color has-text-color has-medium-font-size\">Esta secci\u00f3n est\u00e1 en permanente actualizaci\u00f3n, con el objetivo de brindar acompa\u00f1amiento y apoyo concreto para el ejercicio de la tarea docente en ambas sedes.<\/p>\n\n\n\n<p><\/p>\n\n\n<div class=\"wp-block-image\">\n<figure class=\"aligncenter size-full is-resized\"><img decoding=\"async\" src=\"https:\/\/ies6043-sal.infd.edu.ar\/sitio\/wp-content\/uploads\/2025\/07\/RfmR-1.gif\" alt=\"\" class=\"wp-image-1723\" width=\"800\"\/><\/figure><\/div>","protected":false},"excerpt":{"rendered":"<p>En este espacio especialmente dise\u00f1ado para ustedes encontrar\u00e1n todos los recursos necesarios para acompa\u00f1ar su pr\u00e1ctica profesional. Aqu\u00ed podr\u00e1n acceder a materiales pedag\u00f3gicos actualizados, propuestas de formaci\u00f3n continua, herramientas digitales y normativas vigentes, pensadas para fortalecer el desarrollo de sus clases y contribuir a su crecimiento en el aula y en la instituci\u00f3n. Esta secci\u00f3n &#8230; <a title=\"Docentes\" class=\"read-more\" href=\"https:\/\/ies6043-sal.infd.edu.ar\/sitio\/docentes\/\" aria-label=\"More on Docentes\">[+]<\/a><\/p>\n","protected":false},"author":2779,"featured_media":0,"parent":0,"menu_order":0,"comment_status":"closed","ping_status":"closed","template":"","meta":[],"acf":[],"_links":{"self":[{"href":"https:\/\/ies6043-sal.infd.edu.ar\/sitio\/wp-json\/wp\/v2\/pages\/1722"}],"collection":[{"href":"https:\/\/ies6043-sal.infd.edu.ar\/sitio\/wp-json\/wp\/v2\/pages"}],"about":[{"href":"https:\/\/ies6043-sal.infd.edu.ar\/sitio\/wp-json\/wp\/v2\/types\/page"}],"author":[{"embeddable":true,"href":"https:\/\/ies6043-sal.infd.edu.ar\/sitio\/wp-json\/wp\/v2\/users\/2779"}],"replies":[{"embeddable":true,"href":"https:\/\/ies6043-sal.infd.edu.ar\/sitio\/wp-json\/wp\/v2\/comments?post=1722"}],"version-history":[{"count":2,"href":"https:\/\/ies6043-sal.infd.edu.ar\/sitio\/wp-json\/wp\/v2\/pages\/1722\/revisions"}],"predecessor-version":[{"id":1727,"href":"https:\/\/ies6043-sal.infd.edu.ar\/sitio\/wp-json\/wp\/v2\/pages\/1722\/revisions\/1727"}],"wp:attachment":[{"href":"https:\/\/ies6043-sal.infd.edu.ar\/sitio\/wp-json\/wp\/v2\/media?parent=1722"}],"curies":[{"name":"wp","href":"https:\/\/api.w.org\/{rel}","templated":true}]}}