{"id":1748,"date":"2025-09-08T03:58:11","date_gmt":"2025-09-08T06:58:11","guid":{"rendered":"https:\/\/ies6043-sal.infd.edu.ar\/sitio\/?page_id=1748"},"modified":"2025-09-08T06:39:41","modified_gmt":"2025-09-08T09:39:41","slug":"plan-de-estudios","status":"publish","type":"page","link":"https:\/\/ies6043-sal.infd.edu.ar\/sitio\/plan-de-estudios\/","title":{"rendered":"Plan de Estudios"},"content":{"rendered":"\n<p class=\"has-text-align-center\">&#x1f5c3;&#xfe0f;<em>Para acceder a cada uno de los Planes de Estudios, debes ingresar al bot\u00f3n de la carrera en cuesti\u00f3n<\/em>&#x1f5c3;&#xfe0f;<\/p>\n\n\n\n<pre class=\"wp-block-preformatted has-accent-color has-text-color has-medium-font-size\">&#x1f516;<strong>Sede Salta<\/strong><\/pre>\n\n\n\n<div class=\"wp-block-buttons is-content-justification-center is-layout-flex wp-container-1\">\n<div class=\"wp-block-button\"><a class=\"wp-block-button__link has-contrast-color has-accent-background-color has-text-color has-background wp-element-button\" href=\"https:\/\/drive.google.com\/file\/d\/1hd8bNn5D3Ur_ZtMGPSPuDC_vyURCLL79\/view?usp=drive_link\" target=\"_blank\" rel=\"noreferrer noopener\"><strong>Profesorado en Lengua<\/strong><\/a><\/div>\n<\/div>\n\n\n\n<div class=\"wp-block-buttons is-content-justification-center is-layout-flex wp-container-2\">\n<div class=\"wp-block-button\"><a class=\"wp-block-button__link has-contrast-color has-accent-background-color has-text-color has-background wp-element-button\" href=\"https:\/\/drive.google.com\/file\/d\/17OTjvnWxUBPup0y7K0kQi1stNRHfZ65u\/view?usp=drive_link\" target=\"_blank\" rel=\"noreferrer noopener\"><strong>Profesorado en Matem\u00e1tica<\/strong><\/a><\/div>\n<\/div>\n\n\n\n<div class=\"wp-block-buttons is-content-justification-center is-layout-flex wp-container-3\">\n<div class=\"wp-block-button\"><a class=\"wp-block-button__link has-contrast-color has-accent-background-color has-text-color has-background wp-element-button\" href=\"https:\/\/drive.google.com\/file\/d\/1EI2QoQf0zByVDV_3rY26OXVZfu4tqFFJ\/view?usp=drive_link\" target=\"_blank\" rel=\"noreferrer noopener\"><strong>Tecnicatura en RR. HH.<\/strong><\/a><\/div>\n<\/div>\n\n\n\n<pre class=\"wp-block-preformatted has-accent-color has-text-color has-medium-font-size\">&#x1f516;<strong>Anexo Cerrillos<\/strong><\/pre>\n\n\n\n<div class=\"wp-block-buttons is-content-justification-center is-layout-flex wp-container-4\">\n<div class=\"wp-block-button is-style-fill\"><a class=\"wp-block-button__link has-contrast-color has-accent-background-color has-text-color has-background wp-element-button\" href=\"https:\/\/drive.google.com\/file\/d\/1eYWXwEJpyWCnNV7Y-XeJE4I8Sq7pEn04\/view?usp=drive_link\" target=\"_blank\" rel=\"noreferrer noopener\"><strong>Profesorado en Econom\u00eda<\/strong><\/a><\/div>\n<\/div>\n\n\n\n<div class=\"wp-block-buttons is-content-justification-center is-layout-flex wp-container-5\">\n<div class=\"wp-block-button\"><a class=\"wp-block-button__link has-contrast-color has-accent-background-color has-text-color has-background wp-element-button\" href=\"https:\/\/drive.google.com\/file\/d\/17OTjvnWxUBPup0y7K0kQi1stNRHfZ65u\/view?usp=drive_link\" target=\"_blank\" rel=\"noreferrer noopener\"><strong>Profesorado en Matem\u00e1tica<\/strong><\/a><\/div>\n<\/div>\n\n\n\n<pre class=\"wp-block-preformatted has-accent-color has-text-color has-medium-font-size\">&#x1f5c3;&#xfe0f; <strong>Versi\u00f3n para imprimir - Doble faz<\/strong> &#x1f5c3;&#xfe0f;<\/pre>\n\n\n\n<div class=\"wp-block-buttons is-content-justification-center is-layout-flex wp-container-6\">\n<div class=\"wp-block-button\"><a class=\"wp-block-button__link has-contrast-color has-text-color has-background wp-element-button\" href=\"https:\/\/drive.google.com\/drive\/folders\/1HF1XhZFiQjfQIg5nbdT-ni4aekbUhHQl?usp=drive_link\" style=\"background-color:#1fbf4c\" target=\"_blank\" rel=\"noreferrer noopener\"><strong>Planes de Estudio &#8211; Imprimibles<\/strong><\/a><\/div>\n<\/div>\n\n\n\n<p class=\"has-text-align-center\">&#x1f5c3;&#xfe0f;<em>Se adjunta un tutorial para imprimir de forma \u00f3ptima los Planes de Estudios<\/em>&#x1f5c3;&#xfe0f;<\/p>\n\n\n\n<div class=\"wp-block-columns alignwide is-layout-flex wp-container-9\">\n<div class=\"wp-block-column is-vertically-aligned-center is-layout-flow\"><div class=\"wp-block-image\">\n<figure class=\"aligncenter size-full\"><img decoding=\"async\" loading=\"lazy\" width=\"1166\" height=\"770\" src=\"https:\/\/ies6043-sal.infd.edu.ar\/sitio\/wp-content\/uploads\/2025\/09\/Parte-1.png\" alt=\"\" class=\"wp-image-1760\" srcset=\"https:\/\/ies6043-sal.infd.edu.ar\/sitio\/wp-content\/uploads\/2025\/09\/Parte-1.png 1166w, https:\/\/ies6043-sal.infd.edu.ar\/sitio\/wp-content\/uploads\/2025\/09\/Parte-1-1000x660.png 1000w, https:\/\/ies6043-sal.infd.edu.ar\/sitio\/wp-content\/uploads\/2025\/09\/Parte-1-768x507.png 768w\" sizes=\"(max-width: 1166px) 100vw, 1166px\" \/><figcaption class=\"wp-element-caption\"><em>Parte de adelante<\/em><\/figcaption><\/figure><\/div><\/div>\n\n\n\n<div class=\"wp-block-column is-layout-flow\"><div class=\"wp-block-image\">\n<figure class=\"aligncenter size-full\"><img decoding=\"async\" loading=\"lazy\" width=\"1175\" height=\"773\" src=\"https:\/\/ies6043-sal.infd.edu.ar\/sitio\/wp-content\/uploads\/2025\/09\/Imprimible-Parte-2.png\" alt=\"\" class=\"wp-image-1753\" srcset=\"https:\/\/ies6043-sal.infd.edu.ar\/sitio\/wp-content\/uploads\/2025\/09\/Imprimible-Parte-2.png 1175w, https:\/\/ies6043-sal.infd.edu.ar\/sitio\/wp-content\/uploads\/2025\/09\/Imprimible-Parte-2-1000x658.png 1000w, https:\/\/ies6043-sal.infd.edu.ar\/sitio\/wp-content\/uploads\/2025\/09\/Imprimible-Parte-2-768x505.png 768w\" sizes=\"(max-width: 1175px) 100vw, 1175px\" \/><figcaption class=\"wp-element-caption\"><em>Parte de atr\u00e1s<\/em><\/figcaption><\/figure><\/div><\/div>\n<\/div>\n","protected":false},"excerpt":{"rendered":"<p>&#x1f5c3;&#xfe0f;Para acceder a cada uno de los Planes de Estudios, debes ingresar al bot\u00f3n de la carrera en cuesti\u00f3n&#x1f5c3;&#xfe0f; &#x1f516;Sede Salta &#x1f516;Anexo Cerrillos &#x1f5c3;&#xfe0f; Versi\u00f3n para imprimir &#8211; Doble faz &#x1f5c3;&#xfe0f; &#x1f5c3;&#xfe0f;Se adjunta un tutorial para imprimir de forma \u00f3ptima los Planes de Estudios&#x1f5c3;&#xfe0f;<\/p>\n","protected":false},"author":2779,"featured_media":0,"parent":0,"menu_order":0,"comment_status":"closed","ping_status":"closed","template":"","meta":[],"acf":[],"_links":{"self":[{"href":"https:\/\/ies6043-sal.infd.edu.ar\/sitio\/wp-json\/wp\/v2\/pages\/1748"}],"collection":[{"href":"https:\/\/ies6043-sal.infd.edu.ar\/sitio\/wp-json\/wp\/v2\/pages"}],"about":[{"href":"https:\/\/ies6043-sal.infd.edu.ar\/sitio\/wp-json\/wp\/v2\/types\/page"}],"author":[{"embeddable":true,"href":"https:\/\/ies6043-sal.infd.edu.ar\/sitio\/wp-json\/wp\/v2\/users\/2779"}],"replies":[{"embeddable":true,"href":"https:\/\/ies6043-sal.infd.edu.ar\/sitio\/wp-json\/wp\/v2\/comments?post=1748"}],"version-history":[{"count":4,"href":"https:\/\/ies6043-sal.infd.edu.ar\/sitio\/wp-json\/wp\/v2\/pages\/1748\/revisions"}],"predecessor-version":[{"id":1762,"href":"https:\/\/ies6043-sal.infd.edu.ar\/sitio\/wp-json\/wp\/v2\/pages\/1748\/revisions\/1762"}],"wp:attachment":[{"href":"https:\/\/ies6043-sal.infd.edu.ar\/sitio\/wp-json\/wp\/v2\/media?parent=1748"}],"curies":[{"name":"wp","href":"https:\/\/api.w.org\/{rel}","templated":true}]}}