{"id":1766,"date":"2025-09-08T07:03:23","date_gmt":"2025-09-08T10:03:23","guid":{"rendered":"https:\/\/ies6043-sal.infd.edu.ar\/sitio\/?page_id=1766"},"modified":"2026-03-20T15:48:39","modified_gmt":"2026-03-20T18:48:39","slug":"informacion-ingresantes","status":"publish","type":"page","link":"https:\/\/ies6043-sal.infd.edu.ar\/sitio\/informacion-ingresantes\/","title":{"rendered":"Informaci\u00f3n Ingresantes"},"content":{"rendered":"\n<pre class=\"wp-block-preformatted has-accent-color has-text-color has-medium-font-size\">&#x1f516;<strong>Nuestras Carreras <\/strong>&#x1f516;<\/pre>\n\n\n\n<p class=\"has-text-align-center\"><strong>Profesorado de Matem\u00e1tica: duraci\u00f3n 4 a\u00f1os \u2013 B\u00b0 San Carlos<\/strong><\/p>\n\n\n\n<p class=\"has-text-align-center\"><strong>Profesorado de Lengua y Literatura: duraci\u00f3n 4 a\u00f1os \u2013 B\u00b0 San Carlos<\/strong><\/p>\n\n\n\n<p class=\"has-text-align-center\"><strong>Tecnicatura de Gesti\u00f3n en Recursos Humanos: duraci\u00f3n 3 a\u00f1os \u2013 B\u00b0 San Carlos<\/strong><\/p>\n\n\n\n<p class=\"has-text-align-center\"><strong>Profesorado de Econom\u00eda: duraci\u00f3n 4 a\u00f1os (Anexo Cerrillos)<\/strong><\/p>\n\n\n\n<p class=\"has-text-align-center\"><strong>Profesorado de Matem\u00e1tica: duraci\u00f3n 4 a\u00f1os \u2013 Anexo Cerrillos<\/strong><\/p>\n\n\n\n<div class=\"wp-block-buttons is-content-justification-center is-layout-flex wp-container-1\">\n<div class=\"wp-block-button is-style-outline\"><a class=\"wp-block-button__link has-contrast-color has-luminous-vivid-amber-to-luminous-vivid-orange-gradient-background has-text-color has-background has-text-align-center wp-element-button\" href=\"https:\/\/ies6043-sal.infd.edu.ar\/sitio\/plan-de-estudios\/\" target=\"_blank\" rel=\"noreferrer noopener\"><strong><em>Informaci\u00f3n sobre las materias de cada carrera (click ac\u00e1)<\/em><\/strong><\/a><\/div>\n<\/div>\n\n\n\n<pre class=\"wp-block-preformatted has-accent-color has-text-color has-medium-font-size\"><strong>&#x1f516;Requisitos para la Inscripci\u00f3n 2026 &#x1f516;<\/strong><\/pre>\n\n\n\n<p class=\"has-text-align-center has-blush-light-purple-gradient-background has-background\"><strong><em>Atentos, para confirmar la inscripci\u00f3n tienen que presentar (indefectiblemente) los siguientes documentos en la Sede en la que vas a inscribirse<\/em> de forma presencial<\/strong><\/p>\n\n\n\n<ol type=\"1\" class=\"has-light-green-cyan-to-vivid-green-cyan-gradient-background has-background\">\n<li>Fotocopia autenticada por escribano de T\u00edtulo Secundario (o constancia fin de curso original)<\/li>\n\n\n\n<li>Fotocopia autenticada por escribano de D.N.I<\/li>\n\n\n\n<li>Fotocopia simple de Partida de Nacimiento<\/li>\n\n\n\n<li>Dos fotos 4\u00d74<\/li>\n\n\n\n<li>Una carpeta colgante<\/li>\n\n\n\n<li>Colaboraci\u00f3n de (a definir) que no incluye Seguro Escolar<\/li>\n\n\n\n<li>Certificado de Control Anual de Salud \u2013 retirar de fotocopiadora<\/li>\n\n\n\n<li>Con examen de ingreso \u2013 curso de nivelaci\u00f3n en febrero<\/li>\n<\/ol>\n\n\n\n<pre class=\"wp-block-preformatted has-accent-color has-text-color has-medium-font-size\"><strong>&#x1f516;Informaci\u00f3n Adicional&#x1f516;<\/strong><\/pre>\n\n\n\n<div class=\"wp-block-buttons is-content-justification-center is-layout-flex wp-container-2\">\n<div class=\"wp-block-button is-style-fill\"><a class=\"wp-block-button__link has-contrast-color has-electric-grass-gradient-background has-text-color has-background wp-element-button\"><strong>Inscripci\u00f3n Cohorte 2026  &#8211; Cerrada<\/strong><\/a><\/div>\n<\/div>\n\n\n\n<div class=\"wp-block-buttons is-content-justification-center is-layout-flex wp-container-3\">\n<div class=\"wp-block-button is-style-fill\"><a class=\"wp-block-button__link has-contrast-color has-electric-grass-gradient-background has-text-color has-background wp-element-button\"><strong>Horario de Inscripci\u00f3n: de 19 hs. a 21 hs.<\/strong> &#8211; <strong>Cerrada<\/strong><\/a><\/div>\n<\/div>\n\n\n\n<div class=\"wp-block-buttons is-content-justification-center is-layout-flex wp-container-4\">\n<div class=\"wp-block-button is-style-fill\"><a class=\"wp-block-button__link has-contrast-color has-electric-grass-gradient-background has-text-color has-background wp-element-button\"><strong>Horario del Dictado de Clases: de 19 hs. a 23 hs. \u2013 De lunes a viernes<\/strong><\/a><\/div>\n<\/div>\n\n\n\n<div class=\"wp-block-buttons is-content-justification-center is-layout-flex wp-container-5\">\n<div class=\"wp-block-button is-style-fill\"><a class=\"wp-block-button__link has-contrast-color has-pale-ocean-gradient-background has-text-color has-background wp-element-button\" href=\"https:\/\/ies6043-sal.infd.edu.ar\/sitio\/contacto\/\" target=\"_blank\" rel=\"noreferrer noopener\"><strong><em>Informaci\u00f3n para concactarnos (click ac\u00e1)<\/em><\/strong><\/a><\/div>\n<\/div>\n","protected":false},"excerpt":{"rendered":"<p>&#x1f516;Nuestras Carreras &#x1f516; Profesorado de Matem\u00e1tica: duraci\u00f3n 4 a\u00f1os \u2013 B\u00b0 San Carlos Profesorado de Lengua y Literatura: duraci\u00f3n 4 a\u00f1os \u2013 B\u00b0 San Carlos Tecnicatura de Gesti\u00f3n en Recursos Humanos: duraci\u00f3n 3 a\u00f1os \u2013 B\u00b0 San Carlos Profesorado de Econom\u00eda: duraci\u00f3n 4 a\u00f1os (Anexo Cerrillos) Profesorado de Matem\u00e1tica: duraci\u00f3n 4 a\u00f1os \u2013 Anexo Cerrillos &#8230; <a title=\"Informaci\u00f3n Ingresantes\" class=\"read-more\" href=\"https:\/\/ies6043-sal.infd.edu.ar\/sitio\/informacion-ingresantes\/\" aria-label=\"More on Informaci\u00f3n Ingresantes\">[+]<\/a><\/p>\n","protected":false},"author":2779,"featured_media":0,"parent":0,"menu_order":0,"comment_status":"closed","ping_status":"closed","template":"","meta":[],"acf":[],"_links":{"self":[{"href":"https:\/\/ies6043-sal.infd.edu.ar\/sitio\/wp-json\/wp\/v2\/pages\/1766"}],"collection":[{"href":"https:\/\/ies6043-sal.infd.edu.ar\/sitio\/wp-json\/wp\/v2\/pages"}],"about":[{"href":"https:\/\/ies6043-sal.infd.edu.ar\/sitio\/wp-json\/wp\/v2\/types\/page"}],"author":[{"embeddable":true,"href":"https:\/\/ies6043-sal.infd.edu.ar\/sitio\/wp-json\/wp\/v2\/users\/2779"}],"replies":[{"embeddable":true,"href":"https:\/\/ies6043-sal.infd.edu.ar\/sitio\/wp-json\/wp\/v2\/comments?post=1766"}],"version-history":[{"count":8,"href":"https:\/\/ies6043-sal.infd.edu.ar\/sitio\/wp-json\/wp\/v2\/pages\/1766\/revisions"}],"predecessor-version":[{"id":1816,"href":"https:\/\/ies6043-sal.infd.edu.ar\/sitio\/wp-json\/wp\/v2\/pages\/1766\/revisions\/1816"}],"wp:attachment":[{"href":"https:\/\/ies6043-sal.infd.edu.ar\/sitio\/wp-json\/wp\/v2\/media?parent=1766"}],"curies":[{"name":"wp","href":"https:\/\/api.w.org\/{rel}","templated":true}]}}